{"id":960,"date":"2025-02-12T14:49:11","date_gmt":"2025-02-12T14:49:11","guid":{"rendered":"https:\/\/chalatenangocountryclubandresort.com\/?post_type=product&#038;p=960"},"modified":"2025-04-07T01:26:05","modified_gmt":"2025-04-07T01:26:05","slug":"kiosko-copia","status":"publish","type":"product","link":"https:\/\/chalatenangocountryclubandresort.com\/en\/product\/kiosko-copia\/","title":{"rendered":"Jacuzzi con Hidromasaje (15 Min)"},"content":{"rendered":"<div class=\"flex-1 overflow-hidden @container\/thread translate-y-[2rem] -mt-[2rem] pb-[1.5rem]\">\n<div class=\"flex h-full flex-col overflow-y-auto\">\n<div class=\"flex flex-col text-sm md:pb-9\">\n<article class=\"w-full text-token-text-primary focus-visible:outline-2 focus-visible:outline-offset-[-4px]\" dir=\"auto\" data-testid=\"conversation-turn-35\" data-scroll-anchor=\"true\">\n<div class=\"m-auto text-base py-[18px] px-6\">\n<div class=\"mx-auto flex flex-1 gap-4 text-base md:gap-5 lg:gap-6 md:max-w-3xl lg:max-w-[40rem] xl:max-w-[48rem]\">\n<div class=\"group\/conversation-turn relative flex w-full min-w-0 flex-col agent-turn @xs\/thread:px-0 @sm\/thread:px-1.5 @md\/thread:px-4\">\n<div class=\"flex-col gap-1 md:gap-3\">\n<div class=\"flex max-w-full flex-col flex-grow\">\n<div class=\"min-h-8 text-message flex w-full flex-col items-end gap-2 whitespace-normal break-words text-start [.text-message+&amp;]:mt-5\" dir=\"auto\" data-message-author-role=\"assistant\" data-message-id=\"196df4af-4baf-4b16-b9a4-f4624c949546\" data-message-model-slug=\"gpt-4o\">\n<div class=\"flex w-full flex-col gap-1 empty:hidden first:pt-[3px]\">\n<div class=\"result-streaming markdown prose w-full break-words dark:prose-invert dark\">\n<p data-start=\"419\" data-end=\"517\">\ud83d\udd39 <strong data-start=\"422\" data-end=\"515\">Disponible \u00fanicamente para quienes hayan adquirido el Day Pass o cuenten con alojamiento.<\/strong><\/p>\n<\/div>\n<\/div>\n<\/div>\n<\/div>\n<\/div>\n<\/div>\n<\/div>\n<\/div>\n<\/article>\n<\/div>\n<\/div>\n<\/div>\n","protected":false},"excerpt":{"rendered":"<div class=\"elementor-element elementor-element-6d80088b ba-content__one elementor-widget elementor-widget-gva_ba_item_content\" data-id=\"6d80088b\" data-element_type=\"widget\" data-widget_type=\"gva_ba_item_content.default\">\n<div class=\"elementor-widget-container\">\n<div class=\"boliin-gva_ba_item_content boliin-element\">\n<div class=\"boliin-single-content\">\n<p data-start=\"0\" data-end=\"29\"><strong data-start=\"0\" data-end=\"27\">Jacuzzi con Hidromasaje<\/strong><\/p>\n<p data-start=\"31\" data-end=\"200\">Sum\u00e9rgete en una experiencia de total relajaci\u00f3n con nuestro <strong data-start=\"92\" data-end=\"119\">Jacuzzi con Hidromasaje<\/strong>, dise\u00f1ado para brindarte el m\u00e1ximo confort en un entorno natural incomparable.<\/p>\n<p data-start=\"202\" data-end=\"411\">\ud83d\udca6 <strong data-start=\"205\" data-end=\"223\">Agua temperada<\/strong> para un descanso placentero<br data-start=\"251\" data-end=\"254\" \/>\ud83c\udf0a <strong data-start=\"257\" data-end=\"286\">Hidromasaje revitalizante<\/strong> que alivia el estr\u00e9s y relaja los m\u00fasculos<br data-start=\"329\" data-end=\"332\" \/>\ud83c\udf3f <strong data-start=\"335\" data-end=\"360\">Rodeado de naturaleza<\/strong>, ideal para desconectarte y disfrutar el momento<\/p>\n<p data-start=\"202\" data-end=\"411\">\u23f3 <strong data-start=\"365\" data-end=\"389\">Duraci\u00f3n: 15 minutos<\/strong><\/p>\n<p data-start=\"413\" data-end=\"479\">\ud83d\udd39 <strong data-start=\"416\" data-end=\"477\">Disponible solo para hu\u00e9spedes o visitantes con Day Pass.<\/strong><\/p>\n<p data-start=\"481\" data-end=\"552\" data-is-last-node=\"\">\u2728 <strong data-start=\"483\" data-end=\"552\" data-is-last-node=\"\">Reg\u00e1late un momento de bienestar y disfruta al m\u00e1ximo tu estad\u00eda.<\/strong><\/p>\n<\/div>\n<\/div>\n<\/div>\n<\/div>","protected":false},"featured_media":642,"comment_status":"open","ping_status":"closed","template":"","meta":{"_coblocks_attr":"","_coblocks_dimensions":"","_coblocks_responsive_height":"","_coblocks_accordion_ie_support":""},"product_brand":[],"product_cat":[65],"product_tag":[],"class_list":{"0":"post-960","1":"product","2":"type-product","3":"status-publish","4":"has-post-thumbnail","6":"product_cat-actividades","7":"wcpa_has_options","9":"first","10":"instock","11":"taxable","12":"shipping-taxable","13":"purchasable","14":"product-type-simple"},"_links":{"self":[{"href":"https:\/\/chalatenangocountryclubandresort.com\/en\/wp-json\/wp\/v2\/product\/960","targetHints":{"allow":["GET"]}}],"collection":[{"href":"https:\/\/chalatenangocountryclubandresort.com\/en\/wp-json\/wp\/v2\/product"}],"about":[{"href":"https:\/\/chalatenangocountryclubandresort.com\/en\/wp-json\/wp\/v2\/types\/product"}],"replies":[{"embeddable":true,"href":"https:\/\/chalatenangocountryclubandresort.com\/en\/wp-json\/wp\/v2\/comments?post=960"}],"wp:featuredmedia":[{"embeddable":true,"href":"https:\/\/chalatenangocountryclubandresort.com\/en\/wp-json\/wp\/v2\/media\/642"}],"wp:attachment":[{"href":"https:\/\/chalatenangocountryclubandresort.com\/en\/wp-json\/wp\/v2\/media?parent=960"}],"wp:term":[{"taxonomy":"product_brand","embeddable":true,"href":"https:\/\/chalatenangocountryclubandresort.com\/en\/wp-json\/wp\/v2\/product_brand?post=960"},{"taxonomy":"product_cat","embeddable":true,"href":"https:\/\/chalatenangocountryclubandresort.com\/en\/wp-json\/wp\/v2\/product_cat?post=960"},{"taxonomy":"product_tag","embeddable":true,"href":"https:\/\/chalatenangocountryclubandresort.com\/en\/wp-json\/wp\/v2\/product_tag?post=960"}],"curies":[{"name":"wp","href":"https:\/\/api.w.org\/{rel}","templated":true}]}}